{"id":835,"date":"2022-06-09T17:18:39","date_gmt":"2022-06-09T17:18:39","guid":{"rendered":"https:\/\/startersites.io\/elementor\/persona\/?page_id=835"},"modified":"2025-06-22T03:18:45","modified_gmt":"2025-06-22T01:18:45","slug":"about-us","status":"publish","type":"page","link":"https:\/\/hpsrobotics.com\/?page_id=835","title":{"rendered":"Sobre nosotros"},"content":{"rendered":"\t\t<div data-elementor-type=\"wp-page\" data-elementor-id=\"835\" class=\"elementor elementor-835\">\n\t\t\t\t<div class=\"elementor-element elementor-element-f32d86d e-flex e-con-boxed e-con e-parent\" data-id=\"f32d86d\" data-element_type=\"container\">\n\t\t\t\t\t<div class=\"e-con-inner\">\n\t\t\t\t<div class=\"elementor-element elementor-element-a3cc2d0 elementor-widget__width-initial elementor-widget elementor-widget-image\" data-id=\"a3cc2d0\" data-element_type=\"widget\" data-widget_type=\"image.default\">\n\t\t\t\t<div class=\"elementor-widget-container\">\n\t\t\t\t\t\t\t\t\t\t\t\t\t\t\t<img fetchpriority=\"high\" decoding=\"async\" width=\"600\" height=\"783\" src=\"https:\/\/hpsrobotics.com\/wp-content\/uploads\/2021\/06\/about-image.png\" class=\"attachment-full size-full wp-image-323\" alt=\"\" srcset=\"https:\/\/hpsrobotics.com\/wp-content\/uploads\/2021\/06\/about-image.png 600w, https:\/\/hpsrobotics.com\/wp-content\/uploads\/2021\/06\/about-image-64x84.png 64w, https:\/\/hpsrobotics.com\/wp-content\/uploads\/2021\/06\/about-image-230x300.png 230w\" sizes=\"(max-width: 600px) 100vw, 600px\" \/>\t\t\t\t\t\t\t\t\t\t\t\t\t\t\t<\/div>\n\t\t\t\t<\/div>\n\t\t<div class=\"elementor-element elementor-element-f190a5a e-con-full e-flex e-con e-child\" data-id=\"f190a5a\" data-element_type=\"container\">\n\t\t\t\t<div class=\"elementor-element elementor-element-7044c7c elementor-widget elementor-widget-text-editor\" data-id=\"7044c7c\" data-element_type=\"widget\" data-widget_type=\"text-editor.default\">\n\t\t\t\t<div class=\"elementor-widget-container\">\n\t\t\t\t\t\t\t\t\t<p>Nuestras caracter\u00edsticas claves<\/p>\t\t\t\t\t\t\t\t<\/div>\n\t\t\t\t<\/div>\n\t\t<div class=\"elementor-element elementor-element-23587c7 e-flex e-con-boxed e-con e-child\" data-id=\"23587c7\" data-element_type=\"container\">\n\t\t\t\t\t<div class=\"e-con-inner\">\n\t\t<div class=\"elementor-element elementor-element-68998b1 e-con-full e-flex e-con e-child\" data-id=\"68998b1\" data-element_type=\"container\">\n\t\t\t\t<div class=\"elementor-element elementor-element-506d811 elementor-widget elementor-widget-heading\" data-id=\"506d811\" data-element_type=\"widget\" data-widget_type=\"heading.default\">\n\t\t\t\t<div class=\"elementor-widget-container\">\n\t\t\t\t\t<h3 class=\"elementor-heading-title elementor-size-default\">#1<\/h3>\t\t\t\t<\/div>\n\t\t\t\t<\/div>\n\t\t\t\t<\/div>\n\t\t<div class=\"elementor-element elementor-element-6918e32 e-con-full e-flex e-con e-child\" data-id=\"6918e32\" data-element_type=\"container\">\n\t\t\t\t<div class=\"elementor-element elementor-element-f438bcc elementor-widget elementor-widget-heading\" data-id=\"f438bcc\" data-element_type=\"widget\" data-widget_type=\"heading.default\">\n\t\t\t\t<div class=\"elementor-widget-container\">\n\t\t\t\t\t<h5 class=\"elementor-heading-title elementor-size-default\">Misi\u00f3n<\/h5>\t\t\t\t<\/div>\n\t\t\t\t<\/div>\n\t\t\t\t<div class=\"elementor-element elementor-element-5e5fad7 elementor-widget elementor-widget-text-editor\" data-id=\"5e5fad7\" data-element_type=\"widget\" data-widget_type=\"text-editor.default\">\n\t\t\t\t<div class=\"elementor-widget-container\">\n\t\t\t\t\t\t\t\t\t<p>\u00ab<strong>HPS Robotics<\/strong> , Nos dedicamos a ofrecer soluciones tecnol\u00f3gicas, integradas, personalizadas y eficientes en rob\u00f3tica, energ\u00eda y mantenimiento industrial, utilizando ingenier\u00eda inversa para optimizar procesos, reducir costos y potenciar la innovaci\u00f3n en nuestros clientes. Nuestro compromiso es brindar servicio de alta calidad, sostenibles y adaptados a las necesidades especificas de cada proyecto.<\/p>\t\t\t\t\t\t\t\t<\/div>\n\t\t\t\t<\/div>\n\t\t\t\t<\/div>\n\t\t\t\t\t<\/div>\n\t\t\t\t<\/div>\n\t\t<div class=\"elementor-element elementor-element-bb98233 e-flex e-con-boxed e-con e-child\" data-id=\"bb98233\" data-element_type=\"container\">\n\t\t\t\t\t<div class=\"e-con-inner\">\n\t\t<div class=\"elementor-element elementor-element-dd782db e-con-full e-flex e-con e-child\" data-id=\"dd782db\" data-element_type=\"container\">\n\t\t\t\t<div class=\"elementor-element elementor-element-bdcb5fa elementor-widget elementor-widget-heading\" data-id=\"bdcb5fa\" data-element_type=\"widget\" data-widget_type=\"heading.default\">\n\t\t\t\t<div class=\"elementor-widget-container\">\n\t\t\t\t\t<h3 class=\"elementor-heading-title elementor-size-default\">#2<\/h3>\t\t\t\t<\/div>\n\t\t\t\t<\/div>\n\t\t\t\t<\/div>\n\t\t<div class=\"elementor-element elementor-element-fa292e1 e-con-full e-flex e-con e-child\" data-id=\"fa292e1\" data-element_type=\"container\">\n\t\t\t\t<div class=\"elementor-element elementor-element-6c19aa6 elementor-widget elementor-widget-heading\" data-id=\"6c19aa6\" data-element_type=\"widget\" data-widget_type=\"heading.default\">\n\t\t\t\t<div class=\"elementor-widget-container\">\n\t\t\t\t\t<h5 class=\"elementor-heading-title elementor-size-default\">Visi\u00f3n<\/h5>\t\t\t\t<\/div>\n\t\t\t\t<\/div>\n\t\t\t\t<div class=\"elementor-element elementor-element-84a7751 elementor-widget elementor-widget-text-editor\" data-id=\"84a7751\" data-element_type=\"widget\" data-widget_type=\"text-editor.default\">\n\t\t\t\t<div class=\"elementor-widget-container\">\n\t\t\t\t\t\t\t\t\t<p>Ser la empresa l\u00edder en innovaci\u00f3n tecnol\u00f3gica en robots y soluciones energ\u00e9ticas, transformando la industria a trav\u00e9s de la ingenier\u00eda inversa y el mantenimiento industrial de excelencia, promoviendo un futuro mas eficiente y sostenible.<\/p>\t\t\t\t\t\t\t\t<\/div>\n\t\t\t\t<\/div>\n\t\t\t\t<\/div>\n\t\t\t\t\t<\/div>\n\t\t\t\t<\/div>\n\t\t<div class=\"elementor-element elementor-element-def32c4 e-flex e-con-boxed e-con e-child\" data-id=\"def32c4\" data-element_type=\"container\">\n\t\t\t\t\t<div class=\"e-con-inner\">\n\t\t<div class=\"elementor-element elementor-element-2d468a8 e-con-full e-flex e-con e-child\" data-id=\"2d468a8\" data-element_type=\"container\">\n\t\t\t\t<div class=\"elementor-element elementor-element-6e7e5be elementor-widget elementor-widget-heading\" data-id=\"6e7e5be\" data-element_type=\"widget\" data-widget_type=\"heading.default\">\n\t\t\t\t<div class=\"elementor-widget-container\">\n\t\t\t\t\t<h3 class=\"elementor-heading-title elementor-size-default\">#3<\/h3>\t\t\t\t<\/div>\n\t\t\t\t<\/div>\n\t\t\t\t<\/div>\n\t\t<div class=\"elementor-element elementor-element-0141be7 e-con-full e-flex e-con e-child\" data-id=\"0141be7\" data-element_type=\"container\">\n\t\t\t\t<div class=\"elementor-element elementor-element-9ddd808 elementor-widget elementor-widget-heading\" data-id=\"9ddd808\" data-element_type=\"widget\" data-widget_type=\"heading.default\">\n\t\t\t\t<div class=\"elementor-widget-container\">\n\t\t\t\t\t<h5 class=\"elementor-heading-title elementor-size-default\">Porque nosotros?<\/h5>\t\t\t\t<\/div>\n\t\t\t\t<\/div>\n\t\t\t\t<div class=\"elementor-element elementor-element-58104de elementor-widget elementor-widget-text-editor\" data-id=\"58104de\" data-element_type=\"widget\" data-widget_type=\"text-editor.default\">\n\t\t\t\t<div class=\"elementor-widget-container\">\n\t\t\t\t\t\t\t\t\t<p>En <strong>HPS Robotics<\/strong>, no solo vendemos tecnolog\u00eda; ofrecemos <strong>tranquilidad, eficiencia y la garant\u00eda de que su inversi\u00f3n potenciar\u00e1 el futuro de su empresa<\/strong>. Elegirnos es elegir un socio comprometido con su \u00e9xito.<\/p><p>En el mundo industrial, el tiempo es oro. Por eso, nuestros <strong>env\u00edos r\u00e1pidos<\/strong> son una ventaja competitiva decisiva. Minimizamos los tiempos de inactividad y garantizamos que obtenga las soluciones que necesita, cuando las necesita, permiti\u00e9ndole mantener la continuidad de su producci\u00f3n y maximizar su eficiencia operativa.<\/p>\t\t\t\t\t\t\t\t<\/div>\n\t\t\t\t<\/div>\n\t\t\t\t<\/div>\n\t\t\t\t\t<\/div>\n\t\t\t\t<\/div>\n\t\t\t\t<div class=\"elementor-element elementor-element-10e3859 elementor-widget elementor-widget-heading\" data-id=\"10e3859\" data-element_type=\"widget\" data-widget_type=\"heading.default\">\n\t\t\t\t<div class=\"elementor-widget-container\">\n\t\t\t\t\t<h2 class=\"elementor-heading-title elementor-size-default\"><a href=\"https:\/\/darkred-jackal-557956.hostingersite.com\/wp-content\/uploads\/2025\/05\/Brochure-HPS-2025-1.pdf\" target=\"_blank\">Leer mas..<\/a><\/h2>\t\t\t\t<\/div>\n\t\t\t\t<\/div>\n\t\t\t\t<\/div>\n\t\t\t\t\t<\/div>\n\t\t\t\t<\/div>\n\t\t\t\t<\/div>\n\t\t","protected":false},"excerpt":{"rendered":"<p>Pellentesque tincidunt tristique neque, eget venenatis enim gravida quis. Fusce at egestas libero. Cras convallis egestas ullamcorper suspens.<\/p>\n","protected":false},"author":1,"featured_media":0,"parent":0,"menu_order":0,"comment_status":"closed","ping_status":"closed","template":"","meta":{"footnotes":""},"class_list":["post-835","page","type-page","status-publish","hentry"],"blocksy_meta":{"styles_descriptor":{"styles":{"desktop":"","tablet":"","mobile":""},"google_fonts":[],"version":6}},"_links":{"self":[{"href":"https:\/\/hpsrobotics.com\/index.php?rest_route=\/wp\/v2\/pages\/835","targetHints":{"allow":["GET"]}}],"collection":[{"href":"https:\/\/hpsrobotics.com\/index.php?rest_route=\/wp\/v2\/pages"}],"about":[{"href":"https:\/\/hpsrobotics.com\/index.php?rest_route=\/wp\/v2\/types\/page"}],"author":[{"embeddable":true,"href":"https:\/\/hpsrobotics.com\/index.php?rest_route=\/wp\/v2\/users\/1"}],"replies":[{"embeddable":true,"href":"https:\/\/hpsrobotics.com\/index.php?rest_route=%2Fwp%2Fv2%2Fcomments&post=835"}],"version-history":[{"count":26,"href":"https:\/\/hpsrobotics.com\/index.php?rest_route=\/wp\/v2\/pages\/835\/revisions"}],"predecessor-version":[{"id":1999,"href":"https:\/\/hpsrobotics.com\/index.php?rest_route=\/wp\/v2\/pages\/835\/revisions\/1999"}],"wp:attachment":[{"href":"https:\/\/hpsrobotics.com\/index.php?rest_route=%2Fwp%2Fv2%2Fmedia&parent=835"}],"curies":[{"name":"wp","href":"https:\/\/api.w.org\/{rel}","templated":true}]}}